{"id":30,"date":"2014-09-24T21:03:58","date_gmt":"2014-09-24T21:03:58","guid":{"rendered":"http:\/\/proyectoqr.umh.es\/?page_id=30"},"modified":"2018-06-11T12:41:39","modified_gmt":"2018-06-11T10:41:39","slug":"resultados","status":"publish","type":"page","link":"https:\/\/proyectoqr.umh.es\/en\/resultados\/","title":{"rendered":"Outcomes"},"content":{"rendered":"<p><\/p>\n<h4 style=\"text-align: justify\"><span style=\"color: #800000\">Comunications<\/span><\/h4>\n<ul>\n<li style=\"text-align: justify\">Sanz-Valero J, \u00c1lvarez Sabucedo LM, Wanden-Berghe Lozano C, Culebras Fern\u00e1ndez JM.\u00a0C\u00f3digos de respuesta r\u00e1pida (QR code): perspectivas para las ciencias de la alimentaci\u00f3n y de la nutrici\u00f3n. En: XXVIII Congreso Nacional de la Sociedad Espa\u00f1ola de Nutrici\u00f3n Parenteral y Enteral (SENPE).\u00a0Oviedo; 8 al 10 Mayo 2013. [<a title=\"Publicaci\u00f3n en Nutr Hosp\" href=\"https:\/\/proyectoqr.umh.es\/files\/2014\/09\/2013_SENPE_OVIEDO.pdf\" target=\"_blank\" rel=\"noopener\">Publicado en\u00a0Nutr Hosp. 2013;28(Supl 3):90-1<\/a>].<\/li>\n<li style=\"text-align: justify\">Sanz-Valero J, \u00c1lvarez Sabucedo LM, Wanden-Berghe C, Martinez de Victoria E.\u00a0QR-Codes in food labeling: outlook for food science and nutrition. En:\u00a020 Congreso Internacional de Nutrici\u00f3n de la\u00a0Uni\u00f3n Internacional de Ciencias Nutricionales (IUNS).\u00a0Granada; 15 al 20 Septiembre 2013. [<a title=\"Publicaci\u00f3n en Ann Nutr Metab\" href=\"https:\/\/proyectoqr.umh.es\/files\/2014\/09\/2013_IUNS_QR.pdf\" target=\"_blank\" rel=\"noopener\">Publicado en\u00a0Ann Nutr Metab 2013;63(Suppl 1):366<\/a>].<\/li>\n<li style=\"text-align: justify\">Sanz-Valero J, \u00c1lvarez Sabucedo LM, Wanden-Berghe C, Ruiz MD, Mart\u00ednez de Victoria E, Cervera Peris M, et al. Determinaci\u00f3n de los procesos para la gesti\u00f3n de la calidad y la trazabilidad mediante c\u00f3digos-QR en las mezclas nutrientes parenterales.\u00a0En: XXIX Congreso Nacional de la Sociedad Espa\u00f1ola de Nutrici\u00f3n Parenteral y Enteral (SENPE). Murcia;\u00a015 al 17 Mayo 2014. [<a title=\"Publicaci\u00f3n en Nutr Hosp\" href=\"https:\/\/proyectoqr.umh.es\/files\/2014\/09\/2014_SENPE_MURCIA_QR.pdf\" target=\"_blank\" rel=\"noopener\">Publicado en: Nutr Hosp. 2014;29(Supl 1):87<\/a>].<\/li>\n<li style=\"text-align: justify\">Sanz-Valero J, \u00c1lvarez Sabucedo LM, Wanden-Berghe C, Alonso Roris VM, Santos Gago JM.\u00a0Deployment of a tag-based system to ensure traceability management of parenteral nutrient mixtures. In: 37th<span class=\"Apple-converted-space\">\u00a0<\/span>Congress on Clinical Nutrition and Metabolism (ESPEN). Lisbon, Portugal; 5 to 8 September 2015. [<a href=\"https:\/\/proyectoqr.umh.es\/files\/2016\/05\/SUN-PP-236-Deployment-of-a-tag-based-system-to-ensure-traceability-management-of-parenteral-nutrient-mixtures.pdf\" target=\"_blank\" rel=\"noopener\">P\u00f3ster<\/a>]<\/li>\n<li style=\"text-align: justify\">Alonso Roris VM,\u00a0Santos Gago JM, \u00c1lvarez Sabucedo L,\u00a0Ramos Merino M. <span class=\"ng-binding\"><span class=\"ng-binding\">Architecture of a process control and product traceability system. In: <\/span><\/span>10th Iberian Conference on Information Systems and Technologies (CISTI). Aveiro, Portugal; 17 to 20 June 2015. [Comunication, DOI:\u00a0<a class=\"ng-binding\" href=\"https:\/\/doi.org\/10.1109\/CISTI.2015.7170412\" target=\"_blank\" rel=\"noopener\">10.1109\/CISTI.2015.7170412]<\/a><\/li>\n<li style=\"text-align: justify\">Bernab\u00e9u Soria B, Alonso Roris VM, Mateo Garc\u00eda M, Wanden-Berghe C, Santos Gago JM, \u00c1lvarez Sabucedo LM, Sanz-Valero J. Application for the standarized development of traceability management of parenteral nutrition in hospitals. In: 38th<span class=\"Apple-converted-space\">\u00a0<\/span>Congress on Clinical Nutrition and Metabolism (ESPEN). Copenhagen; 17 to 20 September 2016. [<a href=\"https:\/\/proyectoqr.umh.es\/application-for-the-standardized-development-of-traceability-management\/\" target=\"_blank\" rel=\"noopener\">P\u00f3ster<\/a>]<\/li>\n<li style=\"text-align: justify\">Sanz-Valero J, Cervera Peris M, Alonso Roris VM, Santos Gago JM,\u00a0\u00c1lvarez Sabucedo LM, Wanden-Berghe C. Evaluaci\u00f3n y validaci\u00f3n del proceso general de la nutrici\u00f3n parenteral mediante aplicaci\u00f3n mHealth. En: XXXIII Congreso Nacional de la Sociedad Espa\u00f1ola de Nutrici\u00f3n Parenteral y Enteral (SENPE).\u00a0Gran Canaria;\u00a017 al 19 de Mayo de 2018. [P\u00f3ster]<\/li>\n<li>Cervera Peris M, Alonso Roris VM, Santos Gago JM, \u00c1lvarez Sabucedo LM, Wanden-Berghe C, Sanz-Valero J. Evaluation and validation of the general process of parenteral nutrition using mHealth technologies.\u00a0In: 40th<span class=\"Apple-converted-space\">\u00a0<\/span>Congress on Clinical Nutrition and Metabolism (ESPEN). Madrid;\u00a01 to 4 September 2018.<\/li>\n<li>Cervera Peris M, Alonso Roris VM, Santos Gago JM, \u00c1lvarez Sabucedo LM, Wanden-Berghe C, Sanz-Valero J. Implementation of an mSalud system for the management and traceability of the home parenteral nutrition.\u00a0In: 40th<span class=\"Apple-converted-space\">\u00a0<\/span>Congress on Clinical Nutrition and Metabolism (ESPEN). Madrid;\u00a01 to 4 September 2018.<\/li>\n<\/ul>\n<h4><span style=\"color: #800000\">Conferences<\/span><\/h4>\n<ul>\n<li style=\"text-align: justify\">Sanz-Valero J.\u00a0Tecnolog\u00eda en la difusi\u00f3n de la informaci\u00f3n: C\u00f3digos QR en el control de la calidad en la nutrici\u00f3n parenteral. En: XXIX Congreso Nacional de la Sociedad Espa\u00f1ola de Nutrici\u00f3n Parenteral y Enteral (SENPE). Murcia (Spain);\u00a015 al 17 Mayo 2014. [Invited conference].<\/li>\n<li style=\"text-align: justify\">Sanz-Valero J. Tecnolog\u00edas de la comunicaci\u00f3n en el control de la gesti\u00f3n de la nutrici\u00f3n cl\u00ednica.\u00a0En: XXX Congreso Nacional de la Sociedad Espa\u00f1ola de Nutrici\u00f3n Parenteral y Enteral (SENPE). Alicante (Spain); 7 al 9 Mayo 2015. [<a title=\"Ponencia XXX Congreso SENPE 2015\" href=\"https:\/\/proyectoqr.umh.es\/files\/2015\/06\/2015-SENPE-Ponencia-PERSAN.pdf\" target=\"_blank\" rel=\"noopener\">Invited conference<\/a>].<\/li>\n<li style=\"text-align: justify\">\u00c1lvarez Sabucedo L, Sanz-Valero J, Wanden-Berghe C. En: 6 th Annual World Congress of Food and Nutrition &#8211; 2017. Shengyang (China); 15 al 17 September 2017. [Mesa redonda:\u00a0Food Detection, Quality and Safety Control &#8211; Path 101: New Food Analysis and Detection Technology]\n<ul>\n<li style=\"text-align: justify\"><strong>Lecture:<\/strong> \u00c1lvarez Sabucedo L; <strong>Authors:<\/strong> Luis Alvarez Sabucedo, Victor Alonso Roris, Juan Santos\u00a0Gago, Javier Sanz-Valero, &amp; Carmina Wanden-Berghe.\u00a0<a href=\"https:\/\/drive.google.com\/file\/d\/0B3yTdxFJt8Z9dEEtYlltX24tdG8\/view?usp=sharing\" target=\"_blank\" rel=\"noopener\">Design and implementation of a mobile tool for\u00a0nutrition traceability in a standard hospital<\/a>.<\/li>\n<li style=\"text-align: justify\"><strong>Lecture:<\/strong> Sanz-Valero J; <strong>Authors:<\/strong> Javier Sanz-Valero, Luis M. Alvarez Sabucedo,\u00a0Mercedes Cervera Peris &amp; Carmina Wanden-Berghe.\u00a0<a href=\"https:\/\/drive.google.com\/file\/d\/0B3yTdxFJt8Z9QTRoNnB0UFFkWlU\/view?usp=sharing\" target=\"_blank\" rel=\"noopener\">Development of the management for parenteral nutrition traceability in a standard hospital<\/a>.<\/li>\n<li style=\"text-align: justify\"><strong>Lecture:<\/strong> Wanden-Berghe C; <strong>Authors:<\/strong> Carmina Wanden-Berghe, Luis M. Alvarez Sabucedo,\u00a0Mercedes Cervera Peris &amp; Javier Sanz-Valero.\u00a0<a href=\"https:\/\/drive.google.com\/file\/d\/0B3yTdxFJt8Z9Nnc2Z0NnUFRva28\/view?usp=sharing\" target=\"_blank\" rel=\"noopener\">Implementation of an mHealth system for\u00a0the management and traceability of the\u00a0home parenteral nutrition<\/a>.<\/li>\n<\/ul>\n<\/li>\n<\/ul>\n<ul>\n<li>Sanz-Valero J, Wanden-Berghe C, \u00c1lvarez Sabucedo L, Ruiz MD, Mart\u00ednez de Victoria E.\u00a0En: Reuni\u00f3n Internacional del CIVIN &#8220;Big Data aplicado a los procesos de gesti\u00f3n de la nutrici\u00f3n cl\u00ednica&#8221;. Salamanca (Espa\u00f1a); 28 al 30 de abril de 2018. [Mesa redonda: Acciones de seguimiento y futuras l\u00edneas de investigaci\u00f3n relacionadas con el Big Data]<\/li>\n<\/ul>\n<h4 style=\"text-align: justify\"><span style=\"color: #800000\"><strong>Book chapter<\/strong><\/span><\/h4>\n<ul style=\"text-align: justify\">\n<li>Alonso Roris VM,\u00a0Santos Gago JM, \u00c1lvarez Sabucedo L,\u00a0Ramos Merino M, Sanz-Valero J.\u00a0A Telematic Based Approach Towards the Normalization\u00a0of Clinical Praxis. In: Rocha A, Reis LP, Correia AM,\u00a0Mendon\u00e7a Teixeira M,\u00a0Adeli H (editors).\u00a0New Advances\u00a0in Information Systems\u00a0and Technologies,\u00a0Volume 1. Geneve, Switzerland: Springer International Publishing; 2016. pp <a href=\"https:\/\/proyectoqr.umh.es\/files\/2016\/05\/2016-A-Telematic-Based-Approach-Towards-the-Normalization-of-Clinical-Praxis.pdf\" target=\"_blank\" rel=\"noopener\">659-70<\/a>.<\/li>\n<\/ul>\n<h4 style=\"text-align: justify\"><span style=\"color: #800000\"><strong>Scientific articles<\/strong><\/span><\/h4>\n<ul>\n<li style=\"text-align: justify\">Wanden-Berghe C.\u00a0Calidad, Innovaci\u00f3n y Desarrollo tecnol\u00f3gico en nutrici\u00f3n enteral en el siglo XXI.\u00a0<a title=\"Nutr Hosp. 2015;31(Supl. 5):67-76\" href=\"http:\/\/www.aulamedica.es\/nh\/pdf\/9133.pdf\" target=\"_blank\" rel=\"noopener\">Nutr Hosp. 2015;31(Supl. 5):67-76.<\/a>\u00a0DOI:\u00a010.3305\/nh.2015.31.sup5.9133<\/li>\n<li style=\"text-align: justify\">Bernab\u00e9u Soria B, Mateo Garc\u00eda M, Wanden-Berghe C,\u00a0Cervera Peris M, Pi\u00f1eiro Corrales G, Sanz-Valero J.\u00a0Development of the management for parenteral nutrition\u00a0traceability in a standard hospital. <a href=\"http:\/\/www.aulamedica.es\/fh\/pdf\/9689.pdf\" target=\"_blank\" rel=\"noopener\">Farm Hosp. 2015;39(6):358-77<\/a>. DOI:\u00a010.7399\/fh.2015.39.6.9689<\/li>\n<li style=\"text-align: justify\">Sanz- Valero J, Alvarez-Sabucedo L, Wanden-Berghe C, Santos-Gago J.\u00a0QR codes: Outlook for food science and nutrition.\u00a0<a href=\"http:\/\/www.tandfonline.com\/doi\/full\/10.1080\/10408398.2012.742865\" target=\"_blank\" rel=\"noopener\">Crit Rev Food Sci Nutr. 2016;56(6):973-8<\/a>. DOI:\u00a010.1080\/10408398.2012.742865<\/li>\n<li style=\"text-align: justify\">Alonso Ror\u00eds VM, \u00c1lvarez Sabucedo LM, Wanden-Berghe C, Santos Gago JM, Sanz-Valero J.\u00a0Towards a Mobile-Based Platform for Traceability Control and Hazard Analysis in the Context of Parenteral Nutrition: Description of a Framework and a Prototype App.\u00a0<a href=\"https:\/\/proyectoqr.umh.es\/files\/2016\/07\/2016-JMIR-RP-Towards-a-Mobile-Based-Platform-for-Traceability-Control.pdf\" target=\"_blank\" rel=\"noopener\">JMIR Res Protoc. 2016;5(2):e57<\/a>. DOI:\u00a010.2196\/resprot.4907<\/li>\n<li style=\"text-align: justify\">Alonso Ror\u00eds VM, Santos Gago JM, \u00c1lvarez Sabucedo L,\u00a0Ramos Merino M, Sanz Valero J.\u00a0An ICT-Based Platform to Monitor Protocols in the Healthcare\u00a0Environment.\u00a0<a href=\"http:\/\/link.springer.com\/article\/10.1007\/s10916-016-0593-3\" target=\"_blank\" rel=\"noopener\">J Med Syst. 2016;40:225<\/a>. DOI:\u00a010.1007\/s10916-016-0593-3<\/li>\n<li style=\"text-align: justify\">Alonso Ror\u00eds VM, \u00c1lvarez Sabucedo L, Santos Gago JM, Ramos Merino M. Towards a cost-effective and reusable traceability system: a semantic approach.\u00a0<a href=\"http:\/\/www.sciencedirect.com\/science\/journal\/01663615\" target=\"_blank\" rel=\"noopener\">Computers in Industry. 2016;83:1-11<\/a>. DOI:\u00a010.1016\/j.compind.2016.08.003<\/li>\n<li style=\"text-align: justify\">Mart\u00ednez Gabarr\u00f3n J, Sanz-Valero J, Wanden-Berghe C.\u00a0Information systems in clinical pharmacy applied to parenteral\u00a0nutrition management and traceability: a systematic review. <a href=\"http:\/\/www.sefh.es\/fh\/157_10610.pdf\" target=\"_blank\" rel=\"noopener\">Farm Hosp. 2017;41(1):89-104<\/a>. DOI:\u00a00.7399\/fh.2017.41.1.10610<\/li>\n<li style=\"text-align: justify\">Cervera Peris M, Alonso Roris VM, Santos Gago JM,\u00a0\u00c1lvarez Sabucedo LM, Wanden-Berghe C, Sanz-Valero J.\u00a0Implantaci\u00f3n de un sistema mSalud para la gesti\u00f3n y\u00a0trazabilidad de la nutrici\u00f3n parenteral domiciliaria.\u00a0<a href=\"http:\/\/www.revistahad.eu\/index.php\/revistahad\/article\/view\/19\/13\" target=\"_blank\" rel=\"noopener\"> Hosp Domic. 2017;1(3):129-39<\/a>. DOI:\u00a010.22585\/hospdomic.v1i3.19<\/li>\n<li style=\"text-align: justify\">Cervera Peris M, Alonso Roris VM, Santos Gago JM,\u00a0\u00c1lvarez Sabucedo LM, Wanden-Berghe C, Sanz-Valero J. Management of the general process of parenteral nutrition using mHealth technologies: evaluation and validation study.\u00a0<a href=\"http:\/\/mhealth.jmir.org\/2018\/4\/e79\/\" target=\"_blank\" rel=\"noopener\"><span role=\"menubar\">JMIR Mhealth Uhealth.<\/span>\u00a02018;6(4):e79<\/a>. DOI: 10.2196\/mhealth.9896<\/li>\n<\/ul>\n<h4><span style=\"color: #800000\">Awards<\/span><\/h4>\n<ul>\n<li style=\"text-align: justify\">Fundaci\u00f3 de Ci\u00e8ncies Farmac\u00e8utiques de les Illes Balears, Palma, Espa\u00f1a:\u00a0Cervera Peris M, Alonso Roris VM, Santos Gago JM,\u00a0\u00c1lvarez Sabucedo LM, Wanden-Berghe C, Sanz-Valero J.\u00a0Implantaci\u00f3n de un sistema mSalud para la gesti\u00f3n y\u00a0trazabilidad de la nutrici\u00f3n parenteral domiciliaria.\u00a0 Hosp Domic. 2017;1(3):129-39. <a href=\"https:\/\/drive.google.com\/file\/d\/1_EUqGFFuTqqlfna0ME_S3i_4BrAyi2Y1\/view?usp=sharing\" target=\"_blank\" rel=\"noopener\">2nd prize for the best scientific publications related to the world of Pharmacy<\/a>.<\/li>\n<\/ul>\n<h4><span style=\"color: #800000\"><strong>Doctoral dissertation<\/strong><\/span><\/h4>\n<ul>\n<li style=\"text-align: justify\">Alonso Ror\u00eds VM. Contribuci\u00f3n a los sistemas telem\u00e1ticos para la monitorizaci\u00f3n de procesos y productos utilizando tecnolog\u00edas sem\u00e1nticas: Aplicaci\u00f3n al \u00e1mbito sanitario [<a href=\"https:\/\/drive.google.com\/file\/d\/0B3yTdxFJt8Z9ZHYtbVNTQmFkZVk\/view?usp=sharing\" target=\"_blank\" rel=\"noopener\">Doctoral dissertation<\/a>]. Vigo, Espa\u00f1a: Universidad de Vigo; 2017.<\/li>\n<\/ul>\n<p><\/p>","protected":false},"excerpt":{"rendered":"<p>Comunications<\/p>\n<p>Sanz-Valero J, \u00c1lvarez Sabucedo LM, Wanden-Berghe Lozano C, Culebras Fern\u00e1ndez JM.\u00a0C\u00f3digos de respuesta r\u00e1pida (QR code): perspectivas para las ciencias de la alimentaci\u00f3n y de la nutrici\u00f3n. En: XXVIII Congreso Nacional de la Sociedad Espa\u00f1ola de Nutrici\u00f3n Parenteral y Enteral (SENPE).\u00a0Oviedo; 8 al 10 Mayo 2013. [Publicado en\u00a0Nutr Hosp. 2013;28(Supl 3):90-1].<br \/>\nSanz-Valero J, \u00c1lvarez Sabucedo LM, [&#8230;]<\/p>\n","protected":false},"author":1171,"featured_media":0,"parent":0,"menu_order":0,"comment_status":"closed","ping_status":"open","template":"","meta":{"_links_to":"","_links_to_target":""},"_links":{"self":[{"href":"https:\/\/proyectoqr.umh.es\/en\/wp-json\/wp\/v2\/pages\/30"}],"collection":[{"href":"https:\/\/proyectoqr.umh.es\/en\/wp-json\/wp\/v2\/pages"}],"about":[{"href":"https:\/\/proyectoqr.umh.es\/en\/wp-json\/wp\/v2\/types\/page"}],"author":[{"embeddable":true,"href":"https:\/\/proyectoqr.umh.es\/en\/wp-json\/wp\/v2\/users\/1171"}],"replies":[{"embeddable":true,"href":"https:\/\/proyectoqr.umh.es\/en\/wp-json\/wp\/v2\/comments?post=30"}],"version-history":[{"count":0,"href":"https:\/\/proyectoqr.umh.es\/en\/wp-json\/wp\/v2\/pages\/30\/revisions"}],"wp:attachment":[{"href":"https:\/\/proyectoqr.umh.es\/en\/wp-json\/wp\/v2\/media?parent=30"}],"curies":[{"name":"wp","href":"https:\/\/api.w.org\/{rel}","templated":true}]}}